{"id":726,"date":"2022-12-13T22:51:45","date_gmt":"2022-12-13T22:51:45","guid":{"rendered":"https:\/\/neuemusik-heidenheim.de\/?page_id=726"},"modified":"2024-04-09T21:18:08","modified_gmt":"2024-04-09T20:18:08","slug":"datenschutz","status":"publish","type":"page","link":"https:\/\/neuemusik-heidenheim.de\/?page_id=726","title":{"rendered":"Datenschutz"},"content":{"rendered":"\t\t<div data-elementor-type=\"wp-page\" data-elementor-id=\"726\" class=\"elementor elementor-726\">\n\t\t\t\t\t\t\t\t\t<section class=\"elementor-section elementor-top-section elementor-element elementor-element-9295b01 elementor-section-boxed elementor-section-height-default elementor-section-height-default\" data-id=\"9295b01\" data-element_type=\"section\">\n\t\t\t\t\t\t<div class=\"elementor-container elementor-column-gap-default\">\n\t\t\t\t\t<div class=\"elementor-column elementor-col-100 elementor-top-column elementor-element elementor-element-3ec833d\" data-id=\"3ec833d\" data-element_type=\"column\">\n\t\t\t<div class=\"elementor-widget-wrap elementor-element-populated\">\n\t\t\t\t\t\t\t\t<div class=\"elementor-element elementor-element-a3c6ef1 elementor-widget elementor-widget-heading\" data-id=\"a3c6ef1\" data-element_type=\"widget\" data-widget_type=\"heading.default\">\n\t\t\t\t<div class=\"elementor-widget-container\">\n\t\t\t<style>\/*! elementor - v3.11.1 - 15-02-2023 *\/\n.elementor-heading-title{padding:0;margin:0;line-height:1}.elementor-widget-heading .elementor-heading-title[class*=elementor-size-]>a{color:inherit;font-size:inherit;line-height:inherit}.elementor-widget-heading .elementor-heading-title.elementor-size-small{font-size:15px}.elementor-widget-heading .elementor-heading-title.elementor-size-medium{font-size:19px}.elementor-widget-heading .elementor-heading-title.elementor-size-large{font-size:29px}.elementor-widget-heading .elementor-heading-title.elementor-size-xl{font-size:39px}.elementor-widget-heading .elementor-heading-title.elementor-size-xxl{font-size:59px}<\/style><h2 class=\"elementor-heading-title elementor-size-xl\">Datenschutz<\/h2>\t\t<\/div>\n\t\t\t\t<\/div>\n\t\t\t\t\t<\/div>\n\t\t<\/div>\n\t\t\t\t\t\t\t<\/div>\n\t\t<\/section>\n\t\t\t\t<section class=\"elementor-section elementor-top-section elementor-element elementor-element-6c3816f elementor-section-boxed elementor-section-height-default elementor-section-height-default\" data-id=\"6c3816f\" data-element_type=\"section\">\n\t\t\t\t\t\t<div class=\"elementor-container elementor-column-gap-default\">\n\t\t\t\t\t<div class=\"elementor-column elementor-col-100 elementor-top-column elementor-element elementor-element-dcde18b\" data-id=\"dcde18b\" data-element_type=\"column\">\n\t\t\t<div class=\"elementor-widget-wrap elementor-element-populated\">\n\t\t\t\t\t\t\t\t<div class=\"elementor-element elementor-element-eb1e147 elementor-widget elementor-widget-spacer\" data-id=\"eb1e147\" data-element_type=\"widget\" data-widget_type=\"spacer.default\">\n\t\t\t\t<div class=\"elementor-widget-container\">\n\t\t\t<style>\/*! elementor - v3.11.1 - 15-02-2023 *\/\n.elementor-column .elementor-spacer-inner{height:var(--spacer-size)}.e-con{--container-widget-width:100%}.e-con-inner>.elementor-widget-spacer,.e-con>.elementor-widget-spacer{width:var(--container-widget-width,var(--spacer-size));--align-self:var(--container-widget-align-self,initial);--flex-shrink:0}.e-con-inner>.elementor-widget-spacer>.elementor-widget-container,.e-con-inner>.elementor-widget-spacer>.elementor-widget-container>.elementor-spacer,.e-con>.elementor-widget-spacer>.elementor-widget-container,.e-con>.elementor-widget-spacer>.elementor-widget-container>.elementor-spacer{height:100%}.e-con-inner>.elementor-widget-spacer>.elementor-widget-container>.elementor-spacer>.elementor-spacer-inner,.e-con>.elementor-widget-spacer>.elementor-widget-container>.elementor-spacer>.elementor-spacer-inner{height:var(--container-widget-height,var(--spacer-size))}<\/style>\t\t<div class=\"elementor-spacer\">\n\t\t\t<div class=\"elementor-spacer-inner\"><\/div>\n\t\t<\/div>\n\t\t\t\t<\/div>\n\t\t\t\t<\/div>\n\t\t\t\t\t<\/div>\n\t\t<\/div>\n\t\t\t\t\t\t\t<\/div>\n\t\t<\/section>\n\t\t\t\t<section class=\"elementor-section elementor-top-section elementor-element elementor-element-a227e77 elementor-section-boxed elementor-section-height-default elementor-section-height-default\" data-id=\"a227e77\" data-element_type=\"section\">\n\t\t\t\t\t\t<div class=\"elementor-container elementor-column-gap-default\">\n\t\t\t\t\t<div class=\"elementor-column elementor-col-100 elementor-top-column elementor-element elementor-element-8f38c42\" data-id=\"8f38c42\" data-element_type=\"column\">\n\t\t\t<div class=\"elementor-widget-wrap elementor-element-populated\">\n\t\t\t\t\t\t\t\t<div class=\"elementor-element elementor-element-ae6af55 elementor-widget elementor-widget-text-editor\" data-id=\"ae6af55\" data-element_type=\"widget\" data-widget_type=\"text-editor.default\">\n\t\t\t\t<div class=\"elementor-widget-container\">\n\t\t\t<style>\/*! elementor - v3.11.1 - 15-02-2023 *\/\n.elementor-widget-text-editor.elementor-drop-cap-view-stacked .elementor-drop-cap{background-color:#818a91;color:#fff}.elementor-widget-text-editor.elementor-drop-cap-view-framed .elementor-drop-cap{color:#818a91;border:3px solid;background-color:transparent}.elementor-widget-text-editor:not(.elementor-drop-cap-view-default) .elementor-drop-cap{margin-top:8px}.elementor-widget-text-editor:not(.elementor-drop-cap-view-default) .elementor-drop-cap-letter{width:1em;height:1em}.elementor-widget-text-editor .elementor-drop-cap{float:left;text-align:center;line-height:1;font-size:50px}.elementor-widget-text-editor .elementor-drop-cap-letter{display:inline-block}<\/style>\t\t\t\t<h6>Wir sind uns dessen bewusst, dass Ihnen der Schutz Ihrer Privatsph\u00e4re bei der Benutzung unserer Website ein wichtiges Anliegen ist. Wir nehmen den Schutz Ihrer pers\u00f6nlichen Daten sehr ernst. Deshalb m\u00f6chten wir, dass Sie wissen, wann wir welche Daten speichern und wie wir sie verwenden. Wir m\u00f6chten Sie mit dieser Datenschutzerkl\u00e4rung \u00fcber unsere Ma\u00dfnahmen zum Datenschutz in Kenntnis setzen.<\/h6><h6><span style=\"color: #000000;\">Erhebung personenbezogener Daten<\/span><\/h6><p><span style=\"color: #000000;\">Im Folgenden informieren wir \u00fcber die Erhebung personenbezogener Daten bei Nutzung unserer Website. Personenbezogene Daten sind alle Daten, die direkt oder indirekt auf Sie pers\u00f6nlich beziehbar sind, z. B. Name, Adresse, E-Mail-Adressen, Nutzerverhalten.<\/span><br \/><span style=\"color: #000000;\">Wir verarbeiten Daten gem\u00e4\u00df DS-GVO Art. 6 Abs. 1 lit. a) b) c) f). Das bedeutet, dass wir personenbezogene Daten nur verarbeiten, wenn eine Einwilligung vorliegt (lit. a), soweit zur Erf\u00fcllung eines Vertrages oder vorvertraglicher Ma\u00dfnahmen erforderlich (lit. b), wir rechtlich dazu verpflichtet sind (lit. c) oder wir ein berechtigtes Interesse an der Verarbeitung haben (lit. f). Die entsprechende Rechtsgrundlage wird im Einzelfall benannt.<\/span><br \/><span style=\"color: #000000;\">Bei Ihrer Kontaktaufnahme mit uns per E-Mail werden die von Ihnen mitgeteilten Daten (Ihre E-Mail-Adresse, ggf. Ihr Name und Ihre Telefonnummer) von uns gespeichert, um Ihre Fragen zu beantworten. Die in diesem Zusammenhang anfallenden Daten l\u00f6schen wir, nachdem der Zweck der Anfrage entfallen ist. Je nach Art der Anfrage erheben wir diese Daten mit Ihrer ausdr\u00fccklichen Einwilligung gem. Art. 6 Abs. 1 lit. a) DSGVO, zur Abwicklung und Erf\u00fcllung eines Vertrages oder vorvertraglicher Ma\u00dfnahmen gem. Art. 6 Abs. 1 lit. b) DS-GVO oder bei einem berechtigten Interesse gem. Art. 6 Abs. 1 lit. f) DSGVO. Das berechtigte Interesse liegt dabei darin, Anfragen zu beantworten und \u00fcber unsere Produkte und Dienstleistungen zu informieren.<\/span><br \/><span style=\"color: #000000;\">Bei der ausschlie\u00dflich informatorischen Nutzung unserer Website, also ohne Registrierung und anderweitige Informations\u00fcbermittlung, werden nur die Daten erhoben, die Ihr Browser an den von uns genutzten Server \u00fcbermittelt. Wenn Sie unsere Website betrachten m\u00f6chten, werden die folgenden Daten erhoben, die f\u00fcr uns technisch erforderlich sind, um Ihnen unsere Website anzuzeigen und die Stabilit\u00e4t und Sicherheit zu gew\u00e4hrleisten. Die Weiterleitung erfolgt automatisiert durch Ihren Browser und ist bei der Nutzung des Internets diesem inh\u00e4rent. (Rechtsgrundlage ist Art. 6 Abs. 1 lit. f DS-GVO):<br \/><\/span><span style=\"color: #000000;\">IP-Adresse<\/span><br \/><span style=\"color: #000000;\">Datum und Uhrzeit der Anfrage<\/span><br \/><span style=\"color: #000000;\">Zeitzonendifferenz zur Greenwich Mean Time (GMT)<\/span><br \/><span style=\"color: #000000;\">Inhalt der Anforderung (konkrete Seite)<\/span><br \/><span style=\"color: #000000;\">Zugriffsstatus\/HTTP-Statuscode<\/span><br \/><span style=\"color: #000000;\">jeweils \u00fcbertragene Datenmenge<\/span><br \/><span style=\"color: #000000;\">Website, von der die Anforderung kommt<\/span><br \/><span style=\"color: #000000;\">Browser<\/span><br \/><span style=\"color: #000000;\">Betriebssystem und dessen Oberfl\u00e4che<\/span><br \/><span style=\"color: #000000;\">Sprache und Version der Browsersoftware.<\/span><\/p><h6><span style=\"color: #000000;\">Verantwortlicher<\/span><\/h6><p><span style=\"color: #000000;\">\u00a0Verantwortlich gem. Art. 4 Nr. 7 EU-Datenschutz-Grundverordnung (DS-GVO) ist der Vorsitzende des Vorstands unseres Vereins, den Sie \u00fcber die Adresse im Impressum kontaktieren k\u00f6nnen.<\/span><\/p><h6><span style=\"color: #000000;\">Verwendungszwecke<\/span><\/h6><p><span style=\"color: #000000;\">Die von Ihnen erfassten pers\u00f6nlichen Daten werden wir nur dazu verwenden, Ihnen die gew\u00fcnschten Produkte oder Dienstleistungen bereitzustellen, oder aber zu anderen Zwecken, f\u00fcr die Sie Ihre Einwilligung erteilt haben, sofern keine anderslautenden gesetzlichen Verpflichtungen bestehen.<\/span><\/p><h6><span style=\"color: #000000;\">Betroffenenrechte<\/span><\/h6><p><span style=\"color: #000000;\">Sie haben gegen\u00fcber uns folgende Rechte hinsichtlich der Sie betreffenden personenbezogenen Daten:<br \/><\/span><span style=\"color: #000000;\">Recht auf Auskunft,<\/span><br \/><span style=\"color: #000000;\">Recht auf Berichtigung oder L\u00f6schung,<\/span><br \/><span style=\"color: #000000;\">Recht auf Einschr\u00e4nkung der Verarbeitung,<\/span><br \/><span style=\"color: #000000;\">Recht auf Widerspruch gegen die Verarbeitung,<\/span><br \/><span style=\"color: #000000;\">Recht auf Daten\u00fcbertragbarkeit.<br \/><\/span><span style=\"color: #000000;\">Sie haben zudem das Recht, sich bei einer Datenschutz-Aufsichtsbeh\u00f6rde \u00fcber die Verarbeitung Ihrer personenbezogenen Daten durch uns zu beschweren. <\/span><\/p><h6><span style=\"color: #000000;\">Recht auf Widerruf oder Widerspruch gegen die Verarbeitung Ihrer Daten<\/span><\/h6><p><span style=\"color: #000000;\">Falls Sie eine Einwilligung zur Verarbeitung Ihrer Daten erteilt haben, k\u00f6nnen Sie diese jederzeit widerrufen. Ein solcher Widerruf beeinflusst die Zul\u00e4ssigkeit der Verarbeitung Ihrer personenbezogenen Daten, nachdem Sie ihn gegen\u00fcber uns ausgesprochen haben.<\/span><\/p><h6><span style=\"color: #000000;\">Aufbewahrung von Daten<\/span><\/h6><p><span style=\"color: #000000;\">Wir speichern personenbezogene Daten, solange dies zur Erf\u00fcllung unserer vertraglichen sowie vor- und nachvertraglichen Verpflichtungen erforderlich ist. Dies ber\u00fchrt nicht Ihr Recht auf L\u00f6schung oder Einschr\u00e4nkung der Verarbeitung. Au\u00dferdem wird dadurch nicht unser Recht ber\u00fchrt die Daten bei rechtlich zwingenden Gr\u00fcnden (Art. 6 Abs. 1 lit. c) DS-GVO) oder bei Vorliegen eines berechtigten Interesses (Art. 6 Abs. 1 lit. b) DS-GVO) weiterhin zu speichern. Als berechtigtes Interesse kommen insbesondere das Pr\u00fcfen und Durchsetzen von Schadensersatz- und anderen Anspr\u00fcchen in Betracht.<\/span><br \/><span style=\"color: #000000;\">Logdateien, die zur Stabilit\u00e4t und Sicherheit des Systems erforderlich sind, werden nach vier Tagen automatisiert gel\u00f6scht.<\/span><\/p><h6><span style=\"color: #000000;\">Einsatz von Cookies<\/span><\/h6><p><span style=\"color: #000000;\">Zus\u00e4tzlich zu den zuvor genannten Daten werden bei Ihrer Nutzung unserer Website Cookies auf Ihrem Rechner gespeichert. Bei Cookies handelt es sich um kleine Textdateien, die auf Ihrer Festplatte dem von Ihnen verwendeten Browser zugeordnet gespeichert werden und durch welche der Stelle, die den Cookie setzt (hier durch uns), bestimmte Informationen zuflie\u00dfen. Cookies k\u00f6nnen keine Programme ausf\u00fchren oder Viren auf Ihren Computer \u00fcbertragen. Sie dienen dazu, das Internetangebot insgesamt nutzerfreundlicher und effektiver zu machen.<\/span><\/p><p><span style=\"color: #000000;\">a) Diese Website nutzt folgende Arten von Cookies, deren Umfang und Funktionsweise im Folgenden erl\u00e4utert werden:<br \/><\/span><span style=\"color: #000000;\">\u00a0\u00a0\u00a0\u00a0\u00a0\u00a0\u00a0\u00a0 Transiente Cookies (dazu b)<\/span><br \/><span style=\"color: #000000;\">\u00a0\u00a0\u00a0\u00a0\u00a0\u00a0\u00a0\u00a0 Persistente Cookies (dazu c).<\/span><\/p><p><span style=\"color: #000000;\">b) Transiente Cookies werden automatisiert gel\u00f6scht, wenn Sie den Browser schlie\u00dfen. Dazu z\u00e4hlen insbesondere die Session-Cookies. Diese speichern eine sogenannte Session-ID, mit welcher sich verschiedene Anfragen Ihres Browsers der gemeinsamen Sitzung zuordnen lassen. Dadurch kann Ihr Rechner wiedererkannt werden, wenn Sie auf unsere Website zur\u00fcckkehren. Die Session-Cookies werden gel\u00f6scht, wenn Sie sich ausloggen oder den Browser schlie\u00dfen.<\/span><\/p><p><span style=\"color: #000000;\">c) Persistente Cookies werden automatisiert nach einer vorgegebenen Dauer gel\u00f6scht, die sich je nach Cookie unterscheiden kann. Sie k\u00f6nnen die Cookies in den Sicherheitseinstellungen Ihres Browsers jederzeit l\u00f6schen.<\/span><\/p><p><span style=\"color: #000000;\">d) Sie k\u00f6nnen Ihre Browser-Einstellung entsprechend Ihren W\u00fcnschen konfigurieren und z. B. die Annahme von Third-Party-Cookies oder allen Cookies ablehnen. Wir weisen Sie darauf hin, dass Sie dann eventuell nicht alle Funktionen dieser Website nutzen k\u00f6nnen.<\/span><\/p><h6><span style=\"color: #000000;\">Sicherheit<\/span><\/h6><p><span style=\"color: #000000;\">Wir setzen technische und organisatorische Sicherheitsma\u00dfnahmen ein, um Ihre zur Verf\u00fcgung gestellten Daten durch zuf\u00e4llige oder vors\u00e4tzliche Manipulation, Verlust, Zerst\u00f6rung oder Zugriff unberechtigter Personen zu sch\u00fctzen. Im Falle der Erhebung und Verarbeitung pers\u00f6nlicher Daten werden die Informationen in verschl\u00fcsselter Form \u00fcbertragen, um einem Missbrauch der Daten durch Dritte vorzubeugen. Unsere Sicherungsma\u00dfnahmen werden entsprechend der technologischen Entwicklung fortlaufend \u00fcberarbeitet.<\/span><\/p><h6><span style=\"color: #000000;\">Anpassungen<\/span><\/h6><p><span style=\"color: #000000;\">Die st\u00e4ndige Entwicklung des Internets macht von Zeit zu Zeit Anpassungen unserer Datenschutzerkl\u00e4rung erforderlich. Wir behalten uns vor, jederzeit entsprechende \u00c4nderungen vorzunehmen.<\/span><\/p><h6><span style=\"color: #000000;\">Nutzungsstatistik<\/span><\/h6><p><span style=\"color: #000000;\">Beim Besuch unserer Seite wird von uns anonymisiert erfasst, auf welchem Weg die Besucher zu unserer Webseite gekommen sind und wie viele Nutzer die Seite aufgerufen haben. (Suchmaschine, Verlinkung, direkte Eingabe oder Werbema\u00dfnahmen) Die Daten werden nicht dazu genutzt einzelne Besucher zu identifizieren, sondern ausschlie\u00dflich zur \u00dcbermittlung quantitativer Gr\u00f6\u00dfen. Die Statistik kann nicht dazu genutzt werden, ihr Verhalten auf anderen Webseiten nachzuvollziehen. Die Daten werden nicht mit anderen Diensten verkn\u00fcpft. Wenn Sie das Setzen von Cookies in Ihrem Browser deaktiviert haben, werden Ihre Besuche nicht erfasst. Ansonsten werden diese Cookies nach sieben Tagen automatisiert gel\u00f6scht.<\/span><\/p><h6><span style=\"color: #000000;\">Inhalte Dritter auf der Webseite<\/span><\/h6><p><span style=\"color: #000000;\">Unser Internetauftritt integriert auch Inhalte anderer Anbieter. Dies k\u00f6nnen reine Content-Elemente (z.B. Nachrichten, Neuigkeiten), aber auch Widgets (Funktionen wie z.B. Buchungssysteme) oder z.B. Schriften und technische Bibliotheken sein. Dazu geh\u00f6ren auch Google Fonts. Aus technischen Gr\u00fcnden erfolgt dies, indem diese Inhalte vom Browser von anderen Servern geladen werden. In diesem Zusammenhang werden die aktuell von Ihrem Browser verwendete IP und der verwendete Browser des anfragenden Systems \u00fcbermittelt. Bitte beachten Sie diesbez\u00fcglich die jeweiligen Datenschutzerkl\u00e4rungen der Drittanbieter.<\/span><\/p>\t\t\t\t\t\t<\/div>\n\t\t\t\t<\/div>\n\t\t\t\t\t<\/div>\n\t\t<\/div>\n\t\t\t\t\t\t\t<\/div>\n\t\t<\/section>\n\t\t\t\t<section class=\"elementor-section elementor-top-section elementor-element elementor-element-bf5fe35 elementor-section-boxed elementor-section-height-default elementor-section-height-default\" data-id=\"bf5fe35\" data-element_type=\"section\">\n\t\t\t\t\t\t<div class=\"elementor-container elementor-column-gap-default\">\n\t\t\t\t\t<div class=\"elementor-column elementor-col-100 elementor-top-column elementor-element elementor-element-2038897\" data-id=\"2038897\" data-element_type=\"column\">\n\t\t\t<div class=\"elementor-widget-wrap elementor-element-populated\">\n\t\t\t\t\t\t\t\t<div class=\"elementor-element elementor-element-af52428 elementor-widget elementor-widget-spacer\" data-id=\"af52428\" data-element_type=\"widget\" data-widget_type=\"spacer.default\">\n\t\t\t\t<div class=\"elementor-widget-container\">\n\t\t\t\t\t<div class=\"elementor-spacer\">\n\t\t\t<div class=\"elementor-spacer-inner\"><\/div>\n\t\t<\/div>\n\t\t\t\t<\/div>\n\t\t\t\t<\/div>\n\t\t\t\t\t<\/div>\n\t\t<\/div>\n\t\t\t\t\t\t\t<\/div>\n\t\t<\/section>\n\t\t\t\t\t\t\t<\/div>\n\t\t","protected":false},"excerpt":{"rendered":"<p>Datenschutz Wir sind uns dessen bewusst, dass Ihnen der Schutz Ihrer Privatsph\u00e4re bei der Benutzung unserer Website ein wichtiges Anliegen ist. Wir nehmen den Schutz Ihrer pers\u00f6nlichen Daten sehr ernst. Deshalb m\u00f6chten wir, dass Sie wissen, wann wir welche Daten speichern und wie wir sie verwenden. Wir m\u00f6chten Sie mit dieser Datenschutzerkl\u00e4rung \u00fcber unsere Ma\u00dfnahmen&hellip;&nbsp;<a href=\"https:\/\/neuemusik-heidenheim.de\/?page_id=726\" class=\"\" rel=\"bookmark\">Weiterlesen &raquo;<span class=\"screen-reader-text\">Datenschutz<\/span><\/a><\/p>\n","protected":false},"author":1,"featured_media":0,"parent":0,"menu_order":0,"comment_status":"closed","ping_status":"closed","template":"page-templates\/template-pagebuilder-full-width.php","meta":{"neve_meta_sidebar":"","neve_meta_container":"","neve_meta_enable_content_width":"","neve_meta_content_width":0,"neve_meta_title_alignment":"","neve_meta_author_avatar":"","neve_post_elements_order":"","neve_meta_disable_header":"","neve_meta_disable_footer":"","neve_meta_disable_title":"","_ti_tpc_template_sync":false,"_ti_tpc_template_id":"","footnotes":""},"class_list":["post-726","page","type-page","status-publish","hentry"],"_links":{"self":[{"href":"https:\/\/neuemusik-heidenheim.de\/index.php?rest_route=\/wp\/v2\/pages\/726","targetHints":{"allow":["GET"]}}],"collection":[{"href":"https:\/\/neuemusik-heidenheim.de\/index.php?rest_route=\/wp\/v2\/pages"}],"about":[{"href":"https:\/\/neuemusik-heidenheim.de\/index.php?rest_route=\/wp\/v2\/types\/page"}],"author":[{"embeddable":true,"href":"https:\/\/neuemusik-heidenheim.de\/index.php?rest_route=\/wp\/v2\/users\/1"}],"replies":[{"embeddable":true,"href":"https:\/\/neuemusik-heidenheim.de\/index.php?rest_route=%2Fwp%2Fv2%2Fcomments&post=726"}],"version-history":[{"count":10,"href":"https:\/\/neuemusik-heidenheim.de\/index.php?rest_route=\/wp\/v2\/pages\/726\/revisions"}],"predecessor-version":[{"id":1122,"href":"https:\/\/neuemusik-heidenheim.de\/index.php?rest_route=\/wp\/v2\/pages\/726\/revisions\/1122"}],"wp:attachment":[{"href":"https:\/\/neuemusik-heidenheim.de\/index.php?rest_route=%2Fwp%2Fv2%2Fmedia&parent=726"}],"curies":[{"name":"wp","href":"https:\/\/api.w.org\/{rel}","templated":true}]}}